{"id":204,"date":"2017-07-19T09:56:48","date_gmt":"2017-07-19T07:56:48","guid":{"rendered":"https:\/\/jc-permanent-makeup.de\/?page_id=204"},"modified":"2025-02-09T16:20:42","modified_gmt":"2025-02-09T15:20:42","slug":"portfolio","status":"publish","type":"page","link":"https:\/\/jc-permanent-makeup.de\/?page_id=204","title":{"rendered":"Behandlungen"},"content":{"rendered":"<p><strong>Permanent Make-up<\/strong><br \/>\nLassen Sie Ihre nat\u00fcrliche Sch\u00f6nheit erstrahlen: Mit pr\u00e4zisem Permanent Make-up f\u00fcr Augenbrauen, Lippen, Lidstrich und vielem mehr \u2013 f\u00fcr eine Ausstrahlung, die bleibt.<\/p>\n<ul>\n<li>Augenbrauen<\/li>\n<li>Lidstrich dekorativ<\/li>\n<li>Wimpernkranzverdichtung<\/li>\n<li>Lidstrich unten<\/li>\n<li>Lippen<\/li>\n<li>Areola-Pigmentierung<\/li>\n<li>Kopfhautpigmentierung<\/li>\n<li>Nachbehandlung<\/li>\n<\/ul>\n<figure id=\"attachment_874\" aria-describedby=\"caption-attachment-874\" style=\"width: 300px\" class=\"wp-caption alignnone\"><img loading=\"lazy\" decoding=\"async\" class=\"size-medium wp-image-874\" src=\"https:\/\/jc-permanent-makeup.de\/wp-content\/uploads\/2024\/11\/A9C528B4-8A03-4106-A503-ADD6AB26F122-300x124.webp\" alt=\"Permanent Make-up\" width=\"300\" height=\"124\" srcset=\"https:\/\/jc-permanent-makeup.de\/wp-content\/uploads\/2024\/11\/A9C528B4-8A03-4106-A503-ADD6AB26F122-300x124.webp 300w, https:\/\/jc-permanent-makeup.de\/wp-content\/uploads\/2024\/11\/A9C528B4-8A03-4106-A503-ADD6AB26F122-768x317.webp 768w, https:\/\/jc-permanent-makeup.de\/wp-content\/uploads\/2024\/11\/A9C528B4-8A03-4106-A503-ADD6AB26F122.webp 872w\" sizes=\"auto, (max-width: 300px) 100vw, 300px\" \/><figcaption id=\"caption-attachment-874\" class=\"wp-caption-text\">Permanent Make-up<\/figcaption><\/figure>\n<p><strong>Permanent Concealer<\/strong><br \/>\nStrahlend frisch und wach aussehen \u2013 der permanente Concealer kaschiert Augenringe und l\u00e4sst Sie erholt wirken.<\/p>\n<figure id=\"attachment_863\" aria-describedby=\"caption-attachment-863\" style=\"width: 300px\" class=\"wp-caption alignnone\"><img loading=\"lazy\" decoding=\"async\" class=\"size-medium wp-image-863\" src=\"https:\/\/jc-permanent-makeup.de\/wp-content\/uploads\/2024\/11\/474FF726-A09E-4466-82E7-0FACF2D9C3C6-300x229.webp\" alt=\"Permanent Concealer\" width=\"300\" height=\"229\" srcset=\"https:\/\/jc-permanent-makeup.de\/wp-content\/uploads\/2024\/11\/474FF726-A09E-4466-82E7-0FACF2D9C3C6-300x229.webp 300w, https:\/\/jc-permanent-makeup.de\/wp-content\/uploads\/2024\/11\/474FF726-A09E-4466-82E7-0FACF2D9C3C6.webp 472w\" sizes=\"auto, (max-width: 300px) 100vw, 300px\" \/><figcaption id=\"caption-attachment-863\" class=\"wp-caption-text\">Permanent Concealer<\/figcaption><\/figure>\n<p><strong>AQUA FACIAL<\/strong><br \/>\nTiefenreinigung und intensive Feuchtigkeit f\u00fcr einen glatten, strahlenden Teint.<\/p>\n<figure id=\"attachment_893\" aria-describedby=\"caption-attachment-893\" style=\"width: 300px\" class=\"wp-caption alignnone\"><img loading=\"lazy\" decoding=\"async\" class=\"size-medium wp-image-893\" src=\"https:\/\/jc-permanent-makeup.de\/wp-content\/uploads\/2024\/11\/DD298FED-1F59-4CA1-8054-042984E503E7-300x200.webp\" alt=\"Aqua-Facial\" width=\"300\" height=\"200\" srcset=\"https:\/\/jc-permanent-makeup.de\/wp-content\/uploads\/2024\/11\/DD298FED-1F59-4CA1-8054-042984E503E7-300x200.webp 300w, https:\/\/jc-permanent-makeup.de\/wp-content\/uploads\/2024\/11\/DD298FED-1F59-4CA1-8054-042984E503E7.webp 540w\" sizes=\"auto, (max-width: 300px) 100vw, 300px\" \/><figcaption id=\"caption-attachment-893\" class=\"wp-caption-text\">Aqua-Facial<\/figcaption><\/figure>\n","protected":false},"excerpt":{"rendered":"<p>Permanent Make-up Lassen Sie Ihre nat\u00fcrliche Sch\u00f6nheit erstrahlen: Mit pr\u00e4zisem Permanent Make-up f\u00fcr Augenbrauen, Lippen, Lidstrich und vielem mehr \u2013 f\u00fcr eine Ausstrahlung, die bleibt. Augenbrauen Lidstrich dekorativ Wimpernkranzverdichtung Lidstrich unten Lippen Areola-Pigmentierung Kopfhautpigmentierung Nachbehandlung Permanent Concealer Strahlend frisch und wach aussehen \u2013 der permanente Concealer kaschiert Augenringe und l\u00e4sst Sie erholt wirken. AQUA FACIAL &hellip; <\/p>\n<p class=\"link-more\"><a href=\"https:\/\/jc-permanent-makeup.de\/?page_id=204\" class=\"more-link\"><span class=\"screen-reader-text\">\u201eBehandlungen\u201c <\/span>weiterlesen<\/a><\/p>\n","protected":false},"author":1,"featured_media":0,"parent":7,"menu_order":0,"comment_status":"closed","ping_status":"closed","template":"","meta":{"_monsterinsights_skip_tracking":false,"_monsterinsights_sitenote_active":false,"_monsterinsights_sitenote_note":"","_monsterinsights_sitenote_category":0,"footnotes":""},"class_list":["post-204","page","type-page","status-publish","hentry"],"aioseo_notices":[],"_links":{"self":[{"href":"https:\/\/jc-permanent-makeup.de\/index.php?rest_route=\/wp\/v2\/pages\/204","targetHints":{"allow":["GET"]}}],"collection":[{"href":"https:\/\/jc-permanent-makeup.de\/index.php?rest_route=\/wp\/v2\/pages"}],"about":[{"href":"https:\/\/jc-permanent-makeup.de\/index.php?rest_route=\/wp\/v2\/types\/page"}],"author":[{"embeddable":true,"href":"https:\/\/jc-permanent-makeup.de\/index.php?rest_route=\/wp\/v2\/users\/1"}],"replies":[{"embeddable":true,"href":"https:\/\/jc-permanent-makeup.de\/index.php?rest_route=%2Fwp%2Fv2%2Fcomments&post=204"}],"version-history":[{"count":53,"href":"https:\/\/jc-permanent-makeup.de\/index.php?rest_route=\/wp\/v2\/pages\/204\/revisions"}],"predecessor-version":[{"id":930,"href":"https:\/\/jc-permanent-makeup.de\/index.php?rest_route=\/wp\/v2\/pages\/204\/revisions\/930"}],"up":[{"embeddable":true,"href":"https:\/\/jc-permanent-makeup.de\/index.php?rest_route=\/wp\/v2\/pages\/7"}],"wp:attachment":[{"href":"https:\/\/jc-permanent-makeup.de\/index.php?rest_route=%2Fwp%2Fv2%2Fmedia&parent=204"}],"curies":[{"name":"wp","href":"https:\/\/api.w.org\/{rel}","templated":true}]}}