{"id":289,"date":"2017-08-03T13:52:04","date_gmt":"2017-08-03T11:52:04","guid":{"rendered":"https:\/\/jc-permanent-makeup.de\/?page_id=289"},"modified":"2019-07-28T18:06:11","modified_gmt":"2019-07-28T16:06:11","slug":"about","status":"publish","type":"page","link":"https:\/\/jc-permanent-makeup.de\/?page_id=289","title":{"rendered":"About"},"content":{"rendered":"<p><span class=\"fontstyle0\"><strong>Impressum<\/strong><br \/>\n<\/span><\/p>\n<p><span class=\"fontstyle0\">Angaben gem\u00e4\u00df \u00a7 5 TMG:<\/span><\/p>\n<p><span class=\"fontstyle2\">Jennifer Cardia<br \/>\nMake-up Artist<br \/>\n<a href=\"https:\/\/goo.gl\/maps\/o6L6h6Pxv5ez8VGW9\">Werrachstrasse 11<\/a><br \/>\n79664 Wehr<\/span><\/p>\n<p><span class=\"fontstyle0\">Kontakt:<br \/>\n<\/span><span class=\"fontstyle2\">Telefon: +49 174 3339587<br \/>\nE-Mail: info@jc-permanent-makeup.de<\/span><\/p>\n<p>Die Europ\u00e4ische Kommission stellt eine Plattform zur Online-Streitbeilegung (OS) bereit:<br \/>\n<span class=\"fontstyle2\">http:\/\/ec.europa.eu\/consumers\/odr<br \/>\n<\/span><span class=\"fontstyle2\">Unsere E-Mail-Adresse finden Sie oben im Impressum.<br \/>\nWir sind nicht bereit oder verpflichtet, an Streitbeilegungsverfahren vor einer<br \/>\nVerbraucherschlichtungsstelle teilzunehmen.<br \/>\n<\/span><span class=\"fontstyle0\">Haftung f\u00fcr Inhalte<br \/>\n<\/span><span class=\"fontstyle2\">Als Diensteanbieter sind wir gem\u00e4\u00df \u00a7 7 Abs.1 TMG f\u00fcr eigene Inhalte auf diesen Seiten nach den<br \/>\nallgemeinen Gesetzen verantwortlich. Nach \u00a7\u00a7 8 bis 10 TMG sind wir als Diensteanbieter jedoch nicht<br \/>\nverpflichtet, \u00fcbermittelte oder gespeicherte fremde Informationen zu \u00fcberwachen oder nach Umst\u00e4nden<br \/>\nzu forschen, die auf eine rechtswidrige T\u00e4tigkeit hinweisen.<br \/>\nVerpflichtungen zur Entfernung oder Sperrung der Nutzung von Informationen nach den allgemeinen<br \/>\nGesetzen bleiben hiervon unber\u00fchrt. Eine diesbez\u00fcgliche Haftung ist jedoch erst ab dem Zeitpunkt der<br \/>\nKenntnis einer konkreten Rechtsverletzung m\u00f6glich. Bei Bekanntwerden von entsprechenden<br \/>\nRechtsverletzungen werden wir diese Inhalte umgehend entfernen.<\/span><br \/>\n<span class=\"fontstyle0\">Haftung f\u00fcr Links<br \/>\n<\/span><span class=\"fontstyle2\">Unser Angebot enth\u00e4lt Links zu externen Webseiten Dritter, auf deren Inhalte wir keinen Einfluss haben.<br \/>\nDeshalb k\u00f6nnen wir f\u00fcr diese fremden Inhalte auch keine Gew\u00e4hr \u00fcbernehmen. F\u00fcr die Inhalte der<br \/>\nverlinkten Seiten ist stets der jeweilige Anbieter oder Betreiber der Seiten verantwortlich. Die verlinkten<br \/>\nSeiten wurden zum Zeitpunkt der Verlinkung auf m\u00f6gliche Rechtsverst\u00f6\u00dfe \u00fcberpr\u00fcft. Rechtswidrige<br \/>\nInhalte waren zum Zeitpunkt der Verlinkung nicht erkennbar.<br \/>\nEine permanente inhaltliche Kontrolle der verlinkten Seiten ist jedoch ohne konkrete Anhaltspunkte einer<br \/>\nRechtsverletzung nicht zumutbar. Bei Bekanntwerden von Rechtsverletzungen werden wir derartige Links<br \/>\numgehend entfernen.<br \/>\n<\/span><span class=\"fontstyle0\">Urheberrecht<br \/>\n<\/span><span class=\"fontstyle2\">Die durch die Seitenbetreiber erstellten Inhalte und Werke auf diesen Seiten unterliegen dem deutschen<br \/>\nUrheberrecht. Die Vervielf\u00e4ltigung, Bearbeitung, Verbreitung und jede Art der Verwertung au\u00dferhalb der<br \/>\nGrenzen des Urheberrechtes bed\u00fcrfen der schriftlichen Zustimmung des jeweiligen Autors bzw.<br \/>\nErstellers. Downloads und Kopien dieser Seite sind nur f\u00fcr den privaten, nicht kommerziellen Gebrauch<br \/>\ngestattet.<\/span><\/p>\n<p>Soweit die Inhalte auf dieser Seite nicht vom Betreiber erstellt wurden, werden die Urheberrechte Dritter<br \/>\nbeachtet. Insbesondere werden Inhalte Dritter als solche gekennzeichnet. Sollten Sie trotzdem auf eine<br \/>\nUrheberrechtsverletzung aufmerksam werden, bitten wir um einen entsprechenden Hinweis. Bei<br \/>\nBekanntwerden von Rechtsverletzungen werden wir derartige Inhalte umgehend entfernen.<\/p>\n<p>Quelle: <span class=\"fontstyle2\">e-recht24.de<\/span><\/p>\n<p>&nbsp;<\/p>\n<p>Datenschutzerkl\u00e4rung nach DSGVO:<\/p>\n<p>Wir weisen auf die neue Rechtsgrundlage zur Datenverarbeitung laut Art. 6 der\u00a0<a href=\"https:\/\/dejure.org\/gesetze\/DSGVO\/6.html\">Artikel 6 der DSGVO<\/a>\u00a0hin.<\/p>\n<p>Nutzer dieser Seite haben das Recht auf:<\/p>\n<p>&#8211; Widerruf \/ Widerspruch<\/p>\n<p>&#8211; Auskunft: Wir geben Ihnen gerne Auskunft \u00fcber die Daten die wir von Ihnen sammeln und was wir damit machen.<\/p>\n<p>&#8211; Berichtigung \/ L\u00f6schung: Wir \u00e4ndern oder l\u00f6schen auf Wunsch gerne Ihre Daten, schreiben Sie uns einfach eine eMail an info@jc-permanent-makeup.de<\/p>\n<p>&#8211; Beschwerderecht bei einer Aufsichtsbeh\u00f6rde nach\u00a0<a href=\"https:\/\/dejure.org\/gesetze\/DSGVO\/77.html\">Artikel 77 der DSGVO<\/a>:<br \/>\nWenn Sie sich beschweren m\u00f6chten, k\u00f6nnen Sie das gerne bei einer Aufsichtsbeh\u00f6rde in Auftrag geben<\/p>\n<p>Ihre Daten werden bei uns so lange gespeichert, wie Sie unsere Dienste in Anspruch nehmen. Ihre Daten werden an KEINE Dritte weitergegeben.<br \/>\nFotos von Kunden werden nur mit deren Zustimmung ver\u00f6ffentlicht, sie werden schriftlich mit Unterschrift dazu befragt. Auch diese Unterschriften und Fotos k\u00f6nnen auf Anfrage eingesehen und ge\u00e4ndert bzw. gel\u00f6scht werden. Ihre Daten nehmen wir nur pers\u00f6nlich bei Dienstleistung auf und nutzen diese Daten ausschlie\u00dflich f\u00fcr Rechnungszwecke.<\/p>\n","protected":false},"excerpt":{"rendered":"<p>Impressum Angaben gem\u00e4\u00df \u00a7 5 TMG: Jennifer Cardia Make-up Artist Werrachstrasse 11 79664 Wehr Kontakt: Telefon: +49 174 3339587 E-Mail: info@jc-permanent-makeup.de Die Europ\u00e4ische Kommission stellt eine Plattform zur Online-Streitbeilegung (OS) bereit: http:\/\/ec.europa.eu\/consumers\/odr Unsere E-Mail-Adresse finden Sie oben im Impressum. Wir sind nicht bereit oder verpflichtet, an Streitbeilegungsverfahren vor einer Verbraucherschlichtungsstelle teilzunehmen. Haftung f\u00fcr Inhalte Als &hellip; <\/p>\n<p class=\"link-more\"><a href=\"https:\/\/jc-permanent-makeup.de\/?page_id=289\" class=\"more-link\"><span class=\"screen-reader-text\">\u201eAbout\u201c <\/span>weiterlesen<\/a><\/p>\n","protected":false},"author":1,"featured_media":0,"parent":9,"menu_order":0,"comment_status":"closed","ping_status":"closed","template":"","meta":{"_monsterinsights_skip_tracking":false,"_monsterinsights_sitenote_active":false,"_monsterinsights_sitenote_note":"","_monsterinsights_sitenote_category":0,"footnotes":""},"class_list":["post-289","page","type-page","status-publish","hentry"],"aioseo_notices":[],"_links":{"self":[{"href":"https:\/\/jc-permanent-makeup.de\/index.php?rest_route=\/wp\/v2\/pages\/289","targetHints":{"allow":["GET"]}}],"collection":[{"href":"https:\/\/jc-permanent-makeup.de\/index.php?rest_route=\/wp\/v2\/pages"}],"about":[{"href":"https:\/\/jc-permanent-makeup.de\/index.php?rest_route=\/wp\/v2\/types\/page"}],"author":[{"embeddable":true,"href":"https:\/\/jc-permanent-makeup.de\/index.php?rest_route=\/wp\/v2\/users\/1"}],"replies":[{"embeddable":true,"href":"https:\/\/jc-permanent-makeup.de\/index.php?rest_route=%2Fwp%2Fv2%2Fcomments&post=289"}],"version-history":[{"count":6,"href":"https:\/\/jc-permanent-makeup.de\/index.php?rest_route=\/wp\/v2\/pages\/289\/revisions"}],"predecessor-version":[{"id":447,"href":"https:\/\/jc-permanent-makeup.de\/index.php?rest_route=\/wp\/v2\/pages\/289\/revisions\/447"}],"up":[{"embeddable":true,"href":"https:\/\/jc-permanent-makeup.de\/index.php?rest_route=\/wp\/v2\/pages\/9"}],"wp:attachment":[{"href":"https:\/\/jc-permanent-makeup.de\/index.php?rest_route=%2Fwp%2Fv2%2Fmedia&parent=289"}],"curies":[{"name":"wp","href":"https:\/\/api.w.org\/{rel}","templated":true}]}}