{"id":350,"date":"2018-04-03T16:17:19","date_gmt":"2018-04-03T14:17:19","guid":{"rendered":"https:\/\/jc-permanent-makeup.de\/?page_id=350"},"modified":"2025-02-09T15:46:55","modified_gmt":"2025-02-09T14:46:55","slug":"permanent-make-up","status":"publish","type":"page","link":"https:\/\/jc-permanent-makeup.de\/?page_id=350","title":{"rendered":"Permanent Make-up"},"content":{"rendered":"<p>Augenbrauen<br \/>\nPreis 389\u20ac<\/p>\n<p>Lidstrich dekorativ<br \/>\nPreis 309\u20ac<\/p>\n<p>Wimpernkranzverdichtung<br \/>\nPreis 249\u20ac<\/p>\n<p>Lidstrich unten<br \/>\nPreis 219\u20ac<\/p>\n<p>Lippen<br \/>\nPreis 539\u20ac<\/p>\n<p>Areola<br \/>\n(auf Anfrage)<\/p>\n<p>Kopfhautpigmentierung<br \/>\n(auf Anfrage)<\/p>\n<p>Nachbehandlung<br \/>\nPreis <strong>ab<\/strong> 169\u20ac<\/p>\n<p>Wissenswertes:<br \/>\nPermenent Make-up von LONG-TIME-LINER ist eine dauerhafte<br \/>\nPigmentierung der Haut, die wasserfest, wischfest und schwei\u00dfbest\u00e4ndig ist.<br \/>\nBei einer Behandlung mit Permanent Make-up werden in ausgew\u00e4hlten Partien microfeine Farbpartikel in die oberen Hautschichten eingebracht. Mittels einer speziell entwickelten Technik ist die Behandlung sehr schmerzarm und der Erfolg nach kurzer Zeit sichtbar.<\/p>\n<hr \/>\n<p>Andere Preise:<\/p>\n<ul>\n<li><a href=\"https:\/\/jc-permanent-makeup.de\/?page_id=782\">Permanent Concealer<\/a><\/li>\n<li><a href=\"https:\/\/jc-permanent-makeup.de\/?page_id=656\">AquaFacial<\/a><\/li>\n<\/ul>\n","protected":false},"excerpt":{"rendered":"<p>Augenbrauen Preis 389\u20ac Lidstrich dekorativ Preis 309\u20ac Wimpernkranzverdichtung Preis 249\u20ac Lidstrich unten Preis 219\u20ac Lippen Preis 539\u20ac Areola (auf Anfrage) Kopfhautpigmentierung (auf Anfrage) Nachbehandlung Preis ab 169\u20ac Wissenswertes: Permenent Make-up von LONG-TIME-LINER ist eine dauerhafte Pigmentierung der Haut, die wasserfest, wischfest und schwei\u00dfbest\u00e4ndig ist. Bei einer Behandlung mit Permanent Make-up werden in ausgew\u00e4hlten Partien microfeine &hellip; <\/p>\n<p class=\"link-more\"><a href=\"https:\/\/jc-permanent-makeup.de\/?page_id=350\" class=\"more-link\"><span class=\"screen-reader-text\">\u201ePermanent Make-up\u201c <\/span>weiterlesen<\/a><\/p>\n","protected":false},"author":1,"featured_media":0,"parent":352,"menu_order":0,"comment_status":"closed","ping_status":"closed","template":"","meta":{"_monsterinsights_skip_tracking":false,"_monsterinsights_sitenote_active":false,"_monsterinsights_sitenote_note":"","_monsterinsights_sitenote_category":0,"footnotes":""},"class_list":["post-350","page","type-page","status-publish","hentry"],"aioseo_notices":[],"_links":{"self":[{"href":"https:\/\/jc-permanent-makeup.de\/index.php?rest_route=\/wp\/v2\/pages\/350","targetHints":{"allow":["GET"]}}],"collection":[{"href":"https:\/\/jc-permanent-makeup.de\/index.php?rest_route=\/wp\/v2\/pages"}],"about":[{"href":"https:\/\/jc-permanent-makeup.de\/index.php?rest_route=\/wp\/v2\/types\/page"}],"author":[{"embeddable":true,"href":"https:\/\/jc-permanent-makeup.de\/index.php?rest_route=\/wp\/v2\/users\/1"}],"replies":[{"embeddable":true,"href":"https:\/\/jc-permanent-makeup.de\/index.php?rest_route=%2Fwp%2Fv2%2Fcomments&post=350"}],"version-history":[{"count":16,"href":"https:\/\/jc-permanent-makeup.de\/index.php?rest_route=\/wp\/v2\/pages\/350\/revisions"}],"predecessor-version":[{"id":926,"href":"https:\/\/jc-permanent-makeup.de\/index.php?rest_route=\/wp\/v2\/pages\/350\/revisions\/926"}],"up":[{"embeddable":true,"href":"https:\/\/jc-permanent-makeup.de\/index.php?rest_route=\/wp\/v2\/pages\/352"}],"wp:attachment":[{"href":"https:\/\/jc-permanent-makeup.de\/index.php?rest_route=%2Fwp%2Fv2%2Fmedia&parent=350"}],"curies":[{"name":"wp","href":"https:\/\/api.w.org\/{rel}","templated":true}]}}