{"id":656,"date":"2020-07-28T09:32:04","date_gmt":"2020-07-28T07:32:04","guid":{"rendered":"https:\/\/jc-permanent-makeup.de\/?page_id=656"},"modified":"2025-02-09T15:50:41","modified_gmt":"2025-02-09T14:50:41","slug":"aqua-facial","status":"publish","type":"page","link":"https:\/\/jc-permanent-makeup.de\/?page_id=656","title":{"rendered":"AQUA FACIAL"},"content":{"rendered":"\n<p><strong>FRISCHE, VITALE HAUT<br>AQUA FACIAL &#8211; SO ERWIRKEN WIR EINE HAUTERNEUERUNG<\/strong><br><br>Frische, vitale Haut \u2013 ein Traum, der durch erweiterte Poren, fettige Haut und Flecken verwehrt wird. Doch kein Grund zur Panik! Wir geben Ihrer Haut ihre Leuchtkraft zur\u00fcck \u2013 nein, mehr noch: Wir erneuern sie! Mit der innovativen Aqua Facial Behandlungsmethode<br>erhalten Sie in wenigen Schritten ein strahlendes aussehen.<\/p>\n\n\n\n<p>Behandlungsschritte:<\/p>\n\n\n\n<ol class=\"wp-block-list\">\n<li>Schritt \u2013 Hautabtragung: Abgestorbene Hautzellen werden abgetragen.<\/li>\n\n\n\n<li>Schritt \u2013 S\u00e4urepeeling: Das Peeling hilft Hautablagerungen aufzuweichen.<\/li>\n\n\n\n<li>Schritt \u2013 Tiefenreinigung: Unreinheiten und Ablagerungen werden aus den Hautporen gesaugt.<\/li>\n\n\n\n<li>Schritt \u2013 Inhaltsstoffe: Komprimierte Inhaltsstoffe werden durch die Hydration in die Haut eingeschleust.<\/li>\n\n\n\n<li>Schritt \u2013 Skin Srubber<\/li>\n\n\n\n<li>Schritt \u2013 Ultraschall<\/li>\n<\/ol>\n\n\n\n<p>Sie m\u00fcssen sich nicht l\u00e4nger mit Ihren Hautproblemen zufriedengeben \u2013 l\u00f6sen Sie sie mit uns! Gerne beraten wir sie unverbindlich und kostenlos zur besten L\u00f6sung f\u00fcr Ihre Haut.<\/p>\n\n\n\n<p>Behandlungsdauer:<\/p>\n\n\n\n<p>45-60 Minuten<\/p>\n\n\n\n<p><strong>Preis<\/strong>: 109 Euro<\/p>\n\n\n\n<hr class=\"wp-block-separator has-css-opacity is-style-wide\"\/>\n\n\n\n<p>Andere Preise:<\/p>\n\n\n\n<ul class=\"wp-block-list\">\n<li><a href=\"https:\/\/jc-permanent-makeup.de\/?page_id=350\">Permanent Make-up<\/a><\/li>\n\n\n\n<li><a href=\"https:\/\/jc-permanent-makeup.de\/?page_id=782\">Permanent Concealer<\/a><\/li>\n<\/ul>\n","protected":false},"excerpt":{"rendered":"<p>FRISCHE, VITALE HAUTAQUA FACIAL &#8211; SO ERWIRKEN WIR EINE HAUTERNEUERUNG Frische, vitale Haut \u2013 ein Traum, der durch erweiterte Poren, fettige Haut und Flecken verwehrt wird. Doch kein Grund zur Panik! Wir geben Ihrer Haut ihre Leuchtkraft zur\u00fcck \u2013 nein, mehr noch: Wir erneuern sie! Mit der innovativen Aqua Facial Behandlungsmethodeerhalten Sie in wenigen Schritten &hellip; <\/p>\n<p class=\"link-more\"><a href=\"https:\/\/jc-permanent-makeup.de\/?page_id=656\" class=\"more-link\"><span class=\"screen-reader-text\">\u201eAQUA FACIAL\u201c <\/span>weiterlesen<\/a><\/p>\n","protected":false},"author":1,"featured_media":0,"parent":352,"menu_order":0,"comment_status":"closed","ping_status":"closed","template":"","meta":{"_monsterinsights_skip_tracking":false,"_monsterinsights_sitenote_active":false,"_monsterinsights_sitenote_note":"","_monsterinsights_sitenote_category":0,"footnotes":""},"class_list":["post-656","page","type-page","status-publish","hentry"],"aioseo_notices":[],"_links":{"self":[{"href":"https:\/\/jc-permanent-makeup.de\/index.php?rest_route=\/wp\/v2\/pages\/656","targetHints":{"allow":["GET"]}}],"collection":[{"href":"https:\/\/jc-permanent-makeup.de\/index.php?rest_route=\/wp\/v2\/pages"}],"about":[{"href":"https:\/\/jc-permanent-makeup.de\/index.php?rest_route=\/wp\/v2\/types\/page"}],"author":[{"embeddable":true,"href":"https:\/\/jc-permanent-makeup.de\/index.php?rest_route=\/wp\/v2\/users\/1"}],"replies":[{"embeddable":true,"href":"https:\/\/jc-permanent-makeup.de\/index.php?rest_route=%2Fwp%2Fv2%2Fcomments&post=656"}],"version-history":[{"count":11,"href":"https:\/\/jc-permanent-makeup.de\/index.php?rest_route=\/wp\/v2\/pages\/656\/revisions"}],"predecessor-version":[{"id":928,"href":"https:\/\/jc-permanent-makeup.de\/index.php?rest_route=\/wp\/v2\/pages\/656\/revisions\/928"}],"up":[{"embeddable":true,"href":"https:\/\/jc-permanent-makeup.de\/index.php?rest_route=\/wp\/v2\/pages\/352"}],"wp:attachment":[{"href":"https:\/\/jc-permanent-makeup.de\/index.php?rest_route=%2Fwp%2Fv2%2Fmedia&parent=656"}],"curies":[{"name":"wp","href":"https:\/\/api.w.org\/{rel}","templated":true}]}}