{"id":7,"date":"2017-06-14T14:27:29","date_gmt":"2017-06-14T12:27:29","guid":{"rendered":"http:\/\/jc-permanent-makup.de\/?page_id=7"},"modified":"2025-02-09T15:54:14","modified_gmt":"2025-02-09T14:54:14","slug":"startseite","status":"publish","type":"page","link":"https:\/\/jc-permanent-makeup.de\/","title":{"rendered":"Dauerhafte Sch\u00f6nheit \u2013 Ihre Expertin f\u00fcr professionelles Permanent Make-up"},"content":{"rendered":"\n<p><\/p>\n\n\n<p>Willkommen bei Jennifer Cardia \u2013 Ihrem professionellen Kosmetikstudio f\u00fcr Permanent Make-up und individuelle Sch\u00f6nheitsbehandlungen.<\/p>\n<p>Ich stelle Ihre nat\u00fcrliche Ausstrahlung in den Mittelpunkt und arbeite mit h\u00f6chsten Standards und pr\u00e4ziser Technik, um Ergebnisse zu erzielen, die begeistern und Ihre Sch\u00f6nheit dauerhaft unterstreichen.<\/p>\n<p>Erleben Sie Permanent Make-up, das perfekt zu Ihnen passt \u2013 individuell abgestimmt und mit h\u00f6chster Pr\u00e4zision umgesetzt. <br \/>Lassen Sie sich von meiner Expertise \u00fcberzeugen.<\/p>\n<p><span style=\"color: #ffffff;\"><a style=\"color: #ffffff;\" href=\"https:\/\/www.instagram.com\/jennifer.cardia\/?hl=de\">\u00a0 <\/a><a href=\"https:\/\/www.instagram.com\/jennifer.cardia\"><img loading=\"lazy\" decoding=\"async\" class=\"alignnone wp-image-605\" src=\"https:\/\/jc-permanent-makeup.de\/wp-content\/uploads\/2020\/03\/480px-Instagram-Icon-300x300.png\" alt=\"https:\/\/www.instagram.com\/jennifer.cardia\/\" width=\"80\" height=\"80\" srcset=\"https:\/\/jc-permanent-makeup.de\/wp-content\/uploads\/2020\/03\/480px-Instagram-Icon-300x300.png 300w, https:\/\/jc-permanent-makeup.de\/wp-content\/uploads\/2020\/03\/480px-Instagram-Icon-150x150.png 150w, https:\/\/jc-permanent-makeup.de\/wp-content\/uploads\/2020\/03\/480px-Instagram-Icon-100x100.png 100w, https:\/\/jc-permanent-makeup.de\/wp-content\/uploads\/2020\/03\/480px-Instagram-Icon.png 480w\" sizes=\"auto, (max-width: 80px) 100vw, 80px\" \/><\/a><\/span><a href=\"https:\/\/www.facebook.com\/Jennifer-Cardia-Kosmetik-Permanent-Make-up-981190035303410\/\">\u00a0 \u00a0<\/a><a href=\"https:\/\/www.facebook.com\/Jennifer-Cardia-Kosmetik-Permanent-Make-up-981190035303410\/\"><img loading=\"lazy\" decoding=\"async\" class=\"alignnone wp-image-607\" src=\"https:\/\/jc-permanent-makeup.de\/wp-content\/uploads\/2020\/03\/facebook-f-logo-png-transparent-background-7-300x300.png\" alt=\"https:\/\/www.facebook.com\/profile.php?id=100051498045329\" width=\"80\" height=\"80\" srcset=\"https:\/\/jc-permanent-makeup.de\/wp-content\/uploads\/2020\/03\/facebook-f-logo-png-transparent-background-7-300x300.png 300w, https:\/\/jc-permanent-makeup.de\/wp-content\/uploads\/2020\/03\/facebook-f-logo-png-transparent-background-7-150x150.png 150w, https:\/\/jc-permanent-makeup.de\/wp-content\/uploads\/2020\/03\/facebook-f-logo-png-transparent-background-7-100x100.png 100w, https:\/\/jc-permanent-makeup.de\/wp-content\/uploads\/2020\/03\/facebook-f-logo-png-transparent-background-7.png 480w\" sizes=\"auto, (max-width: 80px) 100vw, 80px\" \/><\/a><\/p>\n\n\n<p><\/p>\n","protected":false},"excerpt":{"rendered":"<p>Willkommen bei Jennifer Cardia \u2013 Ihrem professionellen Kosmetikstudio f\u00fcr Permanent Make-up und individuelle Sch\u00f6nheitsbehandlungen. Ich stelle Ihre nat\u00fcrliche Ausstrahlung in den Mittelpunkt und arbeite mit h\u00f6chsten Standards und pr\u00e4ziser Technik, um Ergebnisse zu erzielen, die begeistern und Ihre Sch\u00f6nheit dauerhaft unterstreichen. Erleben Sie Permanent Make-up, das perfekt zu Ihnen passt \u2013 individuell abgestimmt und mit &hellip; <\/p>\n<p class=\"link-more\"><a href=\"https:\/\/jc-permanent-makeup.de\/\" class=\"more-link\"><span class=\"screen-reader-text\">\u201eDauerhafte Sch\u00f6nheit \u2013 Ihre Expertin f\u00fcr professionelles Permanent Make-up\u201c <\/span>weiterlesen<\/a><\/p>\n","protected":false},"author":1,"featured_media":0,"parent":0,"menu_order":0,"comment_status":"closed","ping_status":"closed","template":"","meta":{"_monsterinsights_skip_tracking":false,"_monsterinsights_sitenote_active":false,"_monsterinsights_sitenote_note":"","_monsterinsights_sitenote_category":0,"footnotes":""},"class_list":["post-7","page","type-page","status-publish","hentry"],"aioseo_notices":[],"_links":{"self":[{"href":"https:\/\/jc-permanent-makeup.de\/index.php?rest_route=\/wp\/v2\/pages\/7","targetHints":{"allow":["GET"]}}],"collection":[{"href":"https:\/\/jc-permanent-makeup.de\/index.php?rest_route=\/wp\/v2\/pages"}],"about":[{"href":"https:\/\/jc-permanent-makeup.de\/index.php?rest_route=\/wp\/v2\/types\/page"}],"author":[{"embeddable":true,"href":"https:\/\/jc-permanent-makeup.de\/index.php?rest_route=\/wp\/v2\/users\/1"}],"replies":[{"embeddable":true,"href":"https:\/\/jc-permanent-makeup.de\/index.php?rest_route=%2Fwp%2Fv2%2Fcomments&post=7"}],"version-history":[{"count":34,"href":"https:\/\/jc-permanent-makeup.de\/index.php?rest_route=\/wp\/v2\/pages\/7\/revisions"}],"predecessor-version":[{"id":929,"href":"https:\/\/jc-permanent-makeup.de\/index.php?rest_route=\/wp\/v2\/pages\/7\/revisions\/929"}],"wp:attachment":[{"href":"https:\/\/jc-permanent-makeup.de\/index.php?rest_route=%2Fwp%2Fv2%2Fmedia&parent=7"}],"curies":[{"name":"wp","href":"https:\/\/api.w.org\/{rel}","templated":true}]}}