{"id":8,"date":"2017-06-14T14:27:29","date_gmt":"2017-06-14T12:27:29","guid":{"rendered":"http:\/\/jc-permanent-makup.de\/?page_id=8"},"modified":"2024-11-03T23:32:32","modified_gmt":"2024-11-03T22:32:32","slug":"ueber-mich","status":"publish","type":"page","link":"https:\/\/jc-permanent-makeup.de\/?page_id=8","title":{"rendered":"\u00dcber mich"},"content":{"rendered":"<p><img loading=\"lazy\" decoding=\"async\" class=\"alignnone wp-image-244 size-large\" src=\"https:\/\/jc-permanent-makeup.de\/wp-content\/uploads\/2017\/07\/received_473684442975887615-e1501174742208-765x1024.jpeg\" alt=\"\" width=\"525\" height=\"703\" srcset=\"https:\/\/jc-permanent-makeup.de\/wp-content\/uploads\/2017\/07\/received_473684442975887615-e1501174742208-765x1024.jpeg 765w, https:\/\/jc-permanent-makeup.de\/wp-content\/uploads\/2017\/07\/received_473684442975887615-e1501174742208-224x300.jpeg 224w, https:\/\/jc-permanent-makeup.de\/wp-content\/uploads\/2017\/07\/received_473684442975887615-e1501174742208-768x1028.jpeg 768w, https:\/\/jc-permanent-makeup.de\/wp-content\/uploads\/2017\/07\/received_473684442975887615-e1501174742208.jpeg 1150w\" sizes=\"auto, (max-width: 525px) 100vw, 525px\" \/><\/p>\n<p>Herzlich willkommen! Mein Name ist Jennifer Cardia und ich bin Ihre erfahrene Expertin f\u00fcr Permanent Make-up.<\/p>\n<p>Mit \u00fcber 12 Jahren Erfahrung im In- und Ausland, darunter Stationen in China, Italien, Spanien und der Schweiz, habe ich mein K\u00f6nnen und meine Fachkenntnisse auf internationalem Niveau entwickelt und perfektioniert. Meine Arbeit ist gepr\u00e4gt von Pr\u00e4zision, \u00c4sthetik und einem besonderen Auge f\u00fcr Details, die jedem Gesicht eine nat\u00fcrliche Ausstrahlung verleihen.<\/p>\n<p>Zus\u00e4tzlich bringe ich wertvolle Erfahrungen als Ausbilderin in M\u00fcnchen mit und vertiefe meine Kenntnisse kontinuierlich durch Fortbildungen und den Besuch internationaler Beauty-Messen. So garantiere ich Ihnen immer die neuesten Techniken und h\u00f6chste Qualit\u00e4t.<\/p>\n<p>Zertifizierungen und Spezialisierungen:<\/p>\n<ul>\n<li>Staatlich anerkannte Kosmetikerin<\/li>\n<li>Long-Time-Liner Conture Make-up Methode<\/li>\n<li>Tricho-Kopfhautpigmentierung<\/li>\n<li>Medizinische Areola-Pigmentierung<\/li>\n<li>Cosmetic Bleaching Assistant (CBA)<\/li>\n<\/ul>\n<p>Ihr Vertrauen und Ihre Zufriedenheit stehen bei mir an erster Stelle \u2013 lassen Sie uns gemeinsam Ihre nat\u00fcrliche Sch\u00f6nheit unterstreichen!<\/p>\n","protected":false},"excerpt":{"rendered":"<p>Herzlich willkommen! Mein Name ist Jennifer Cardia und ich bin Ihre erfahrene Expertin f\u00fcr Permanent Make-up. Mit \u00fcber 12 Jahren Erfahrung im In- und Ausland, darunter Stationen in China, Italien, Spanien und der Schweiz, habe ich mein K\u00f6nnen und meine Fachkenntnisse auf internationalem Niveau entwickelt und perfektioniert. Meine Arbeit ist gepr\u00e4gt von Pr\u00e4zision, \u00c4sthetik und &hellip; <\/p>\n<p class=\"link-more\"><a href=\"https:\/\/jc-permanent-makeup.de\/?page_id=8\" class=\"more-link\"><span class=\"screen-reader-text\">\u201e\u00dcber mich\u201c <\/span>weiterlesen<\/a><\/p>\n","protected":false},"author":1,"featured_media":0,"parent":7,"menu_order":0,"comment_status":"closed","ping_status":"closed","template":"","meta":{"_monsterinsights_skip_tracking":false,"_monsterinsights_sitenote_active":false,"_monsterinsights_sitenote_note":"","_monsterinsights_sitenote_category":0,"footnotes":""},"class_list":["post-8","page","type-page","status-publish","hentry"],"aioseo_notices":[],"_links":{"self":[{"href":"https:\/\/jc-permanent-makeup.de\/index.php?rest_route=\/wp\/v2\/pages\/8","targetHints":{"allow":["GET"]}}],"collection":[{"href":"https:\/\/jc-permanent-makeup.de\/index.php?rest_route=\/wp\/v2\/pages"}],"about":[{"href":"https:\/\/jc-permanent-makeup.de\/index.php?rest_route=\/wp\/v2\/types\/page"}],"author":[{"embeddable":true,"href":"https:\/\/jc-permanent-makeup.de\/index.php?rest_route=\/wp\/v2\/users\/1"}],"replies":[{"embeddable":true,"href":"https:\/\/jc-permanent-makeup.de\/index.php?rest_route=%2Fwp%2Fv2%2Fcomments&post=8"}],"version-history":[{"count":47,"href":"https:\/\/jc-permanent-makeup.de\/index.php?rest_route=\/wp\/v2\/pages\/8\/revisions"}],"predecessor-version":[{"id":913,"href":"https:\/\/jc-permanent-makeup.de\/index.php?rest_route=\/wp\/v2\/pages\/8\/revisions\/913"}],"up":[{"embeddable":true,"href":"https:\/\/jc-permanent-makeup.de\/index.php?rest_route=\/wp\/v2\/pages\/7"}],"wp:attachment":[{"href":"https:\/\/jc-permanent-makeup.de\/index.php?rest_route=%2Fwp%2Fv2%2Fmedia&parent=8"}],"curies":[{"name":"wp","href":"https:\/\/api.w.org\/{rel}","templated":true}]}}